












{"id":46,"date":"2024-07-17T09:41:19","date_gmt":"2024-07-17T07:41:19","guid":{"rendered":"https:\/\/kd1710015-002-rur-onl.kds1.rundrweb.com\/wp\/?page_id=46"},"modified":"2024-07-17T14:28:29","modified_gmt":"2024-07-17T12:28:29","slug":"impressum","status":"publish","type":"page","link":"https:\/\/kd1710015-002-rur-onl.kds1.rundrweb.com\/wp\/kontakt\/impressum\/","title":{"rendered":"Impressum"},"content":{"rendered":"<div class=\"n2_clear\"><ss3-force-full-width data-overflow-x=\"body\" data-horizontal-selector=\"#content\"><div class=\"n2-section-smartslider fitvidsignore  n2_clear\" data-ssid=\"3\"><div class=\"n2-ss-margin\" style=\"margin: 10px 10px 10px 10px;\"><div id=\"n2-ss-3-align\" class=\"n2-ss-align\"><div class=\"n2-padding\"><div id=\"n2-ss-3\" data-creator=\"Smart Slider 3\" data-responsive=\"fullwidth\" class=\"n2-ss-slider n2-ow n2-has-hover n2notransition   n2-ss-slider-carousel-animation-horizontal\">        <div class=\"n2-ss-slider-1 n2_ss__touch_element n2-ow\">\n            <div class=\"n2-ss-slider-2 n2-ow\" style=\"\">\n                                <div class=\"n2-ss-slider-3 n2-ow\">\n                    <svg xmlns=\"http:\/\/www.w3.org\/2000\/svg\" viewBox=\"0 0 1920 400\" data-related-device=\"desktopPortrait\" class=\"n2-ow n2-ss-preserve-size n2-ss-preserve-size--slider n2-ss-slide-limiter\" style=\"max-width:1920px\"><\/svg>                    <div class=\"n2-ss-slider-pane-single n2-ow\">\n                        <div class=\"n2-ss-slider-pipeline n2-ow\" style=\"--slide-width:450px;\">\n                            <svg xmlns=\"http:\/\/www.w3.org\/2000\/svg\" viewBox=\"0 0 450 333\" class=\"n2-ow n2-ss-preserve-size n2-ss-slide-limiter\"><\/svg>\n                            <div data-first=\"1\" data-slide-duration=\"0\" data-id=\"5\" data-slide-public-id=\"1\" data-title=\"Montagetischler St\u00f6llinger Andreas aus Salzburg\" class=\"n2-ss-slide  n2-ss-slide-5 n2-ow\"><div class=\"n2-ss-slide-background\" data-public-id=\"1\" data-mode=\"fill\"><div class=\"n2-ss-slide-background-image\" data-blur=\"0\" data-opacity=\"100\" data-x=\"50\" data-y=\"50\" data-alt=\"Montagetischler St\u00f6llinger Andreas aus Salzburg\" data-title=\"\"><picture class=\"skip-lazy\" data-skip-lazy=\"1\"><img decoding=\"async\" src=\"\/\/kd1710015-002-rur-onl.kds1.rundrweb.com\/wp\/wp-content\/uploads\/Montagetischler-Stoellinger-Andreas-aus-Salzburg3.jpg\" alt=\"Montagetischler St\u00f6llinger Andreas aus Salzburg\" title=\"\" loading=\"lazy\" class=\"skip-lazy\" data-skip-lazy=\"1\"\/><\/picture><\/div><div data-color=\"RGBA(255,255,255,0)\" style=\"background-color: RGBA(255,255,255,0);\" class=\"n2-ss-slide-background-color\"><\/div><\/div><div role=\"note\" class=\"n2-ss-slide--focus\" tabindex=\"-1\">Montagetischler St\u00f6llinger Andreas aus Salzburg<\/div><div class=\"n2-ss-layers-container n2-ss-slide-limiter n2-ow\"><div class=\"n2-ss-layer n2-ow n-uc-JuKzsOqTZGdM\" data-sstype=\"slide\" data-pm=\"default\"><\/div><\/div><\/div><div data-slide-duration=\"0\" data-id=\"8\" data-slide-public-id=\"2\" aria-hidden=\"true\" data-title=\"Montagetischler St\u00f6llinger Andreas aus Salzburg\" class=\"n2-ss-slide  n2-ss-slide-8 n2-ow\"><div class=\"n2-ss-slide-background\" data-public-id=\"2\" data-mode=\"fill\"><div class=\"n2-ss-slide-background-image\" data-blur=\"0\" data-opacity=\"100\" data-x=\"50\" data-y=\"50\" data-alt=\"Montagetischler St\u00f6llinger Andreas aus Salzburg\" data-title=\"\"><picture class=\"skip-lazy\" data-skip-lazy=\"1\"><img decoding=\"async\" src=\"\/\/kd1710015-002-rur-onl.kds1.rundrweb.com\/wp\/wp-content\/uploads\/Montagetischler-Stoellinger-Andreas-aus-Salzburg4.jpg\" alt=\"Montagetischler St\u00f6llinger Andreas aus Salzburg\" title=\"\" loading=\"lazy\" class=\"skip-lazy\" data-skip-lazy=\"1\"\/><\/picture><\/div><div data-color=\"RGBA(255,255,255,0)\" style=\"background-color: RGBA(255,255,255,0);\" class=\"n2-ss-slide-background-color\"><\/div><\/div><div role=\"note\" class=\"n2-ss-slide--focus\" tabindex=\"-1\">Montagetischler St\u00f6llinger Andreas aus Salzburg<\/div><div class=\"n2-ss-layers-container n2-ss-slide-limiter n2-ow\"><div class=\"n2-ss-layer n2-ow n-uc-Wk4SDHY5DGzC\" data-sstype=\"slide\" data-pm=\"default\"><\/div><\/div><\/div><div data-slide-duration=\"0\" data-id=\"9\" data-slide-public-id=\"3\" aria-hidden=\"true\" data-title=\"Montagetischler St\u00f6llinger Andreas aus Salzburg\" class=\"n2-ss-slide  n2-ss-slide-9 n2-ow\"><div class=\"n2-ss-slide-background\" data-public-id=\"3\" data-mode=\"fill\"><div class=\"n2-ss-slide-background-image\" data-blur=\"0\" data-opacity=\"100\" data-x=\"50\" data-y=\"50\" data-alt=\"Montagetischler St\u00f6llinger Andreas aus Salzburg\" data-title=\"\"><picture class=\"skip-lazy\" data-skip-lazy=\"1\"><img decoding=\"async\" src=\"\/\/kd1710015-002-rur-onl.kds1.rundrweb.com\/wp\/wp-content\/uploads\/Montagetischler-Stoellinger-Andreas-aus-Salzburg2.jpg\" alt=\"Montagetischler St\u00f6llinger Andreas aus Salzburg\" title=\"\" loading=\"lazy\" class=\"skip-lazy\" data-skip-lazy=\"1\"\/><\/picture><\/div><div data-color=\"RGBA(255,255,255,0)\" style=\"background-color: RGBA(255,255,255,0);\" class=\"n2-ss-slide-background-color\"><\/div><\/div><div role=\"note\" class=\"n2-ss-slide--focus\" tabindex=\"-1\">Montagetischler St\u00f6llinger Andreas aus Salzburg<\/div><div class=\"n2-ss-layers-container n2-ss-slide-limiter n2-ow\"><div class=\"n2-ss-layer n2-ow n-uc-oK2JH7iVgvs6\" data-sstype=\"slide\" data-pm=\"default\"><\/div><\/div><\/div><\/div>\n                    <\/div>\n                <\/div>\n                            <\/div>\n        <\/div>\n        <\/div><ss3-loader><\/ss3-loader><\/div><\/div><div class=\"n2_clear\"><\/div><\/div><\/div><\/ss3-force-full-width><\/div>\n\n<div class=\"n2_clear\"><ss3-force-full-width data-overflow-x=\"body\" data-horizontal-selector=\"body\"><div class=\"n2-section-smartslider fitvidsignore  n2_clear\" data-ssid=\"5\" tabindex=\"0\" role=\"region\" aria-label=\"Slider\"><div id=\"n2-ss-5-align\" class=\"n2-ss-align\"><div class=\"n2-padding\"><div id=\"n2-ss-5\" data-creator=\"Smart Slider 3\" data-responsive=\"fullwidth\" class=\"n2-ss-slider n2-ow n2-has-hover n2notransition  \">\n        <div class=\"n2-ss-slider-1 n2_ss__touch_element n2-ow\">\n            <div class=\"n2-ss-slider-2 n2-ow\">\n                                                <div class=\"n2-ss-slider-3 n2-ow\">\n\n                    <div class=\"n2-ss-slide-backgrounds n2-ow-all\"><div class=\"n2-ss-slide-background\" data-public-id=\"1\" data-mode=\"fill\"><div data-color=\"RGBA(34,34,33,1)\" style=\"background-color: RGBA(34,34,33,1);\" class=\"n2-ss-slide-background-color\"><\/div><\/div><\/div>                    <div class=\"n2-ss-slider-4 n2-ow\">\n                        <svg xmlns=\"http:\/\/www.w3.org\/2000\/svg\" viewBox=\"0 0 1920 80\" data-related-device=\"desktopPortrait\" class=\"n2-ow n2-ss-preserve-size n2-ss-preserve-size--slider n2-ss-slide-limiter\"><\/svg><div data-first=\"1\" data-slide-duration=\"0\" data-id=\"11\" data-slide-public-id=\"1\" data-title=\"Montagetischler St\u00f6llinger Andreas aus Salzburg\" class=\"n2-ss-slide n2-ow  n2-ss-slide-11\"><div role=\"note\" class=\"n2-ss-slide--focus\" tabindex=\"-1\">Montagetischler St\u00f6llinger Andreas aus Salzburg<\/div><div class=\"n2-ss-layers-container n2-ss-slide-limiter n2-ow\"><div class=\"n2-ss-layer n2-ow n-uc-hY3ihlOyK6ol\" data-sstype=\"slide\" data-pm=\"default\"><div class=\"n2-ss-layer n2-ow n-uc-bQyyTEKdyKDh\" data-pm=\"default\" data-sstype=\"content\" data-hasbackground=\"0\"><div class=\"n2-ss-section-main-content n2-ss-layer-with-background n2-ss-layer-content n2-ow n-uc-bQyyTEKdyKDh-inner\"><div class=\"n2-ss-layer n2-ow n2-ss-layer--block n2-ss-has-self-align n-uc-qCuvn2ie19Xr\" data-pm=\"normal\" data-sstype=\"row\"><div class=\"n2-ss-layer-row n2-ss-layer-with-background n-uc-qCuvn2ie19Xr-inner\"><div class=\"n2-ss-layer-row-inner \"><div class=\"n2-ss-layer n2-ow n-uc-AC2Mx8ghdITS\" data-pm=\"default\" data-sstype=\"col\"><div class=\"n2-ss-layer-col n2-ss-layer-with-background n2-ss-layer-content n-uc-AC2Mx8ghdITS-inner\"><div class=\"n2-ss-layer n2-ow n-uc-PyhNIwL2x2e4\" data-pm=\"normal\" data-sstype=\"layer\"><h1 id=\"n2-ss-5item1\" class=\"n2-font-d73d135c1121ab930cff428555a9460e-hover   n2-ss-item-content n2-ss-text n2-ow\" style=\"display:block;\">IMPRESSUM<\/h1><\/div><\/div><\/div><div class=\"n2-ss-layer n2-ow n-uc-9pWRrhwscCUr\" data-pm=\"default\" data-hidemobileportrait=\"1\" data-sstype=\"col\"><div class=\"n2-ss-layer-col n2-ss-layer-with-background n2-ss-layer-content n-uc-9pWRrhwscCUr-inner\"><div class=\"n2-ss-layer n2-ow n2-ss-layer--block n2-ss-has-self-align n-uc-IHZf596i8YGr\" data-pm=\"normal\" data-hidemobileportrait=\"1\" data-sstype=\"row\"><div class=\"n2-ss-layer-row n2-ss-layer-with-background n-uc-IHZf596i8YGr-inner\"><div class=\"n2-ss-layer-row-inner \"><div class=\"n2-ss-layer n2-ow n-uc-IFguHRol85SC\" data-pm=\"default\" data-sstype=\"col\"><div class=\"n2-ss-layer-col n2-ss-layer-with-background n2-ss-layer-content n-uc-IFguHRol85SC-inner\"><div class=\"n2-ss-layer n2-ow n-uc-Ur1wKEsSuTNn\" data-pm=\"normal\" data-sstype=\"layer\"><div class=\"n2-ss-item-content n2-ss-text n2-ow-all\"><div class=\"\"><p class=\"n2-font-3d81fce9a37ffe7d05a3746b4e3d698f-paragraph   \"><a href=\"https:\/\/kd1710015-002-rur-onl.kds1.rundrweb.com\/wp\/\">HOME <\/a><\/p>\n<\/div><\/div><\/div><\/div><\/div><\/div><\/div><\/div><\/div><\/div><\/div><\/div><\/div><\/div><\/div><\/div><\/div><\/div>                    <\/div>\n\n                                    <\/div>\n            <\/div>\n        <\/div>\n        <\/div><ss3-loader><\/ss3-loader><\/div><\/div><div class=\"n2_clear\"><\/div><\/div><\/ss3-force-full-width><\/div>\n\n\n<div class='conblock con-default  clearfix' style=''><div class='conblock-inner'>\n<div class='cols2 cols  nomargin  clearfix'><div class='col colspan '>\n<h2>Montagetischler St\u00f6llinger Andreas<\/h2>\n<p>Schlo\u00dfstra\u00dfe 12<br \/>A-5020 Salzburg<br \/>Telefon: +43 664 1007199<br \/>E-Mail: &#x6d;&#x6f;&#x6e;&#x74;&#x61;&#x67;&#x65;&#x74;&#x69;&#x73;&#x63;&#x68;&#x6c;&#x65;&#x72;&#x40;<span class=\"oe_displaynone\">null<\/span>&#x61;&#x6f;&#x6e;&#x2e;&#x61;&#x74;<\/p>\n<h3>Firmeninformationen<\/h3>\n<p>Gesch\u00e4ftsf\u00fchrung: Andreas St\u00f6llinger<br \/>Umsatzsteuer-ID: ATU64218625<br \/>T\u00e4tigkeitsbeschreibung: Tischler<br \/>Beh\u00f6rde gem. ECG: Magistrat der Stadt Salzburg<br \/>Berufsverband-Zugeh\u00f6rigkeit(en): Wirtschaftskammer Salzburg<\/p>\n<p><a href=\"https:\/\/firmen.wko.at\/andreas-st%C3%B6llinger\/salzburg\/?firmaid=ef00aa0f-ad07-44a0-bd2e-0c784c873e2f\" target=\"_blank\" rel=\"noopener\"><img loading=\"lazy\" decoding=\"async\" class=\"alignnone wp-image-50 size-full\" src=\"https:\/\/kd1710015-002-rur-onl.kds1.rundrweb.com\/wp\/wp-content\/uploads\/WKO.png\" alt=\"\" width=\"169\" height=\"25\" \/><\/a><\/p>\n<h3>E-Mails<\/h3>\n<p>Im Einklang mit dem E-Commerce-Gesetz (ECG) machen wir darauf aufmerksam, dass an uns gesendete E-Mails nur zu den \u00fcblichen Gesch\u00e4fts\u00f6ffnungszeiten abgerufen und dann gegebenenfalls beantwortet werden.<\/p>\n<h3>Gestaltung Website<\/h3>\n<p>R&amp;R Web GmbH, Homepages mit Funktion<\/p>\n<\/div><div class='col colspan last'>\n<h2>Haftungshinweis<\/h2>\n<p>Trotz sorgf\u00e4ltiger inhaltlicher Kontrolle \u00fcbernehmen wir keine Haftung f\u00fcr die Inhalte externer Links. F\u00fcr den Inhalt der verlinkten Seiten sind ausschlie\u00dflich deren Betreiber verantwortlich.<br \/>Das Unternehmen Montagetischler Andreas St\u00f6llinger lehnt jegliche Haftung f\u00fcr unmittelbare, konkrete oder Folgesch\u00e4den sowie sonstige Sch\u00e4den jeglicher Art, die aus welchem Grund auch immer im Zusammenhang mit dem indirekten oder direkten Gebrauch der auf der Website bereitgestellten Informationen entstanden sind, ab.<\/p>\n<h3>Keine Garantie<\/h3>\n<p>Die Website wurde mit gr\u00f6\u00dfter Sorgfalt zusammengestellt, aber das Unternehmen Montagetischler Andreas St\u00f6llinger kann f\u00fcr Fehlerfreiheit, Aktualit\u00e4t und Vollst\u00e4ndigkeit nicht garantieren.<\/p>\n<h3>Alle Rechte vorbehalten<\/h3>\n<p>Die auf dieser Website bereitgestellten Texte, Bilder, Grafiken, Logos, usw. d\u00fcrfen nicht ver\u00e4ndert oder f\u00fcr Handelszwecke kopiert werden. Wir behalten uns auch vor, die Informationen dieser Website jederzeit ohne vorherige Ank\u00fcndigung zu aktualisieren oder zu \u00e4ndern.<\/p>\n<h3>Bildquelle<\/h3>\n<p>Montagetischler Andreas St\u00f6llinger, www.istockphoto.com<\/p>\n<\/div><\/div>\n<\/div> <\/div>\n\n\n<div class=\"n2_clear\"><ss3-force-full-width data-overflow-x=\"body\" data-horizontal-selector=\"body\"><div class=\"n2-section-smartslider fitvidsignore  n2_clear\" data-ssid=\"2\"><div id=\"n2-ss-2-align\" class=\"n2-ss-align\"><div class=\"n2-padding\"><div id=\"n2-ss-2\" data-creator=\"Smart Slider 3\" data-responsive=\"fullwidth\" class=\"n2-ss-slider n2-ow n2-has-hover n2notransition  \">\n        <div class=\"n2-ss-slider-1 n2_ss__touch_element n2-ow\">\n            <div class=\"n2-ss-slider-2 n2-ow\">\n                                                <div class=\"n2-ss-slider-3 n2-ow\">\n\n                    <div class=\"n2-ss-slide-backgrounds n2-ow-all\"><div class=\"n2-ss-slide-background\" data-public-id=\"1\" data-mode=\"fill\"><div data-color=\"RGBA(255,255,255,0)\" style=\"background-color: RGBA(255,255,255,0);\" class=\"n2-ss-slide-background-color\"><\/div><\/div><\/div>                    <div class=\"n2-ss-slider-4 n2-ow\">\n                        <svg xmlns=\"http:\/\/www.w3.org\/2000\/svg\" viewBox=\"0 0 1920 400\" data-related-device=\"desktopPortrait\" class=\"n2-ow n2-ss-preserve-size n2-ss-preserve-size--slider n2-ss-slide-limiter\"><\/svg><div data-first=\"1\" data-slide-duration=\"0\" data-id=\"4\" data-slide-public-id=\"1\" data-title=\"Glas Strasser aus St. Peter am Wimberg in Ober\u00f6sterreich\" class=\"n2-ss-slide n2-ow  n2-ss-slide-4\"><div role=\"note\" class=\"n2-ss-slide--focus\" tabindex=\"-1\">Glas Strasser aus St. Peter am Wimberg in Ober\u00f6sterreich<\/div><div class=\"n2-ss-layers-container n2-ss-slide-limiter n2-ow\"><div class=\"n2-ss-layer n2-ow n-uc-jNiUxOFRVvdk\" data-sstype=\"slide\" data-pm=\"default\"><div class=\"n2-ss-layer n2-ow n-uc-hN45fEubmm0b\" data-pm=\"default\" data-sstype=\"content\" data-hasbackground=\"0\"><div class=\"n2-ss-section-main-content n2-ss-layer-with-background n2-ss-layer-content n2-ow n-uc-hN45fEubmm0b-inner\"><div class=\"n2-ss-layer n2-ow n2-ss-layer--block n2-ss-has-self-align n2-ss-stretch-layer n-uc-oR3wNuZaILRb\" data-pm=\"normal\" data-sstype=\"row\"><div class=\"n2-ss-layer-row n2-ss-layer-with-background n-uc-oR3wNuZaILRb-inner\"><div class=\"n2-ss-layer-row-inner \"><div class=\"n2-ss-layer n2-ow n-uc-IqOyTu4bB0bl\" data-pm=\"default\" data-href=\"mailto:&#x6f;&#x66;&#x66;&#x69;&#x63;&#x65;&#x40;&#x62;&#x69;&#x63;&#x68;&#x6c;&#x2d;&#x65;&#x74;&#x7a;&#x6c;&#x2e;&#x61;&#x74;\" tabindex=\"0\" role=\"button\" data-n2click=\"url\" data-force-pointer=\"\" data-animv2=\"{&quot;basic&quot;:{&quot;in&quot;:{&quot;type&quot;:&quot;basic&quot;,&quot;name&quot;:&quot;Left fade&quot;,&quot;keyFrames&quot;:[{&quot;delay&quot;:0.4,&quot;opacity&quot;:0,&quot;x&quot;:400}]}}}\" data-sstype=\"col\"><div class=\"n2-ss-layer-col n2-ss-layer-with-background n2-ss-layer-content n-uc-IqOyTu4bB0bl-inner\"><div class=\"n2-ss-layer n2-ow n2-ss-layer--block n2-ss-has-self-align n-uc-5wRamjAaCyAt\" data-pm=\"normal\" data-sstype=\"row\"><div class=\"n2-ss-layer-row n2-ss-layer-with-background n-uc-5wRamjAaCyAt-inner\"><div class=\"n2-ss-layer-row-inner \"><div class=\"n2-ss-layer n2-ow n-uc-QznYBCV0I58B\" data-pm=\"default\" data-sstype=\"col\"><div class=\"n2-ss-layer-col n2-ss-layer-with-background n2-ss-layer-content n-uc-QznYBCV0I58B-inner\"><div class=\"n2-ss-layer n2-ow n2-ss-layer--block n2-ss-has-self-align n-uc-1a99c2952393e\" data-pm=\"normal\" data-sstype=\"row\"><div class=\"n2-ss-layer-row n2-ss-layer-with-background n-uc-1a99c2952393e-inner\"><div class=\"n2-ss-layer-row-inner \"><div class=\"n2-ss-layer n2-ow n-uc-1751a4bb70575\" data-pm=\"default\" data-sstype=\"col\"><div class=\"n2-ss-layer-col n2-ss-layer-with-background n2-ss-layer-content n-uc-1751a4bb70575-inner\"><div class=\"n2-ss-layer n2-ow n-uc-lPCB0n790AO9\" data-pm=\"normal\" data-sstype=\"layer\"><div class=\" n2-ss-item-image-content n2-ss-item-content n2-ow-all\"><picture class=\"skip-lazy\" data-skip-lazy=\"1\"><img loading=\"lazy\" decoding=\"async\" id=\"n2-ss-2item1\" alt=\"Montagetischler St\u00f6llinger Andreas aus Salzburg\" class=\"skip-lazy\" width=\"612\" height=\"172\" data-skip-lazy=\"1\" src=\"\/\/kd1710015-002-rur-onl.kds1.rundrweb.com\/wp\/wp-content\/uploads\/logo-removebg-preview-2.png\" \/><\/picture><\/div><\/div><\/div><\/div><div class=\"n2-ss-layer n2-ow n-uc-11b303f639c0b\" data-pm=\"default\" data-sstype=\"col\"><div class=\"n2-ss-layer-col n2-ss-layer-with-background n2-ss-layer-content n-uc-11b303f639c0b-inner\"><div class=\"n2-ss-layer n2-ow n-uc-3TLEvC4Ma8S7\" data-pm=\"normal\" data-sstype=\"layer\"><div id=\"n2-ss-2item2\" class=\"n2-font-5bfb1fd0cd2903c34cd3d28338741e4a-hover n2-style-f8293b450b12ef15d5c4ff97a617a3e3-heading   n2-ss-item-content n2-ss-text n2-ow\" style=\"display:block;\">Montagetischler St\u00f6llinger Andreas<br \/>Schlo\u00dfstra\u00dfe 12<br \/>A-5020 Salzburg<\/div><\/div><\/div><\/div><\/div><\/div><\/div><\/div><\/div><\/div><\/div><\/div><div class=\"n2-ss-layer n2-ow n2-ss-layer--block n2-ss-has-self-align n-uc-1ea8f6f478ebb\" data-pm=\"normal\" data-hidetabletportrait=\"1\" data-hidemobileportrait=\"1\" data-sstype=\"row\"><div class=\"n2-ss-layer-row n2-ss-layer-with-background n-uc-1ea8f6f478ebb-inner\"><div class=\"n2-ss-layer-row-inner \"><div class=\"n2-ss-layer n2-ow n-uc-143c2e29c55fe\" data-pm=\"default\" data-href=\"tel:00436641007199\" tabindex=\"0\" role=\"button\" data-n2click=\"url\" data-force-pointer=\"\" data-animv2=\"{&quot;basic&quot;:{&quot;in&quot;:{&quot;type&quot;:&quot;basic&quot;,&quot;name&quot;:&quot;Bottom fade&quot;,&quot;keyFrames&quot;:[{&quot;opacity&quot;:0,&quot;y&quot;:-400}]}}}\" data-sstype=\"col\"><div class=\"n2-ss-layer-col n2-ss-layer-with-background n2-ss-layer-content n-uc-143c2e29c55fe-inner\"><div class=\"n2-ss-layer n2-ow n-uc-1e0d20c92f19e\" data-pm=\"normal\" data-sstype=\"layer\"><div id=\"n2-ss-2item3\" class=\"  n2-ss-item-content n2-ss-text n2-ow\" style=\"display:block;\"><a class=\"n2-ow n2-font-f981dd629c7e262d25bcdcfb2b42b6fa-hover n2-style-f8293b450b12ef15d5c4ff97a617a3e3-heading \" style=\"display:block;\" href=\"tel:00436641007199\">TELEFON<\/a><\/div><\/div><\/div><\/div><div class=\"n2-ss-layer n2-ow n-uc-1f6e564fbda7e\" data-pm=\"default\" data-href=\"mailto:&#x6d;&#x6f;&#x6e;&#x74;&#x61;&#x67;&#x65;&#x74;&#x69;&#x73;&#x63;&#x68;&#x6c;&#x65;&#x72;&#x40;&#x61;&#x6f;&#x6e;&#x2e;&#x61;&#x74;\" tabindex=\"0\" role=\"button\" data-n2click=\"url\" data-force-pointer=\"\" data-animv2=\"{&quot;basic&quot;:{&quot;in&quot;:{&quot;type&quot;:&quot;basic&quot;,&quot;name&quot;:&quot;Bottom fade&quot;,&quot;keyFrames&quot;:[{&quot;delay&quot;:0.2,&quot;opacity&quot;:0,&quot;y&quot;:-400}]}}}\" data-sstype=\"col\"><div class=\"n2-ss-layer-col n2-ss-layer-with-background n2-ss-layer-content n-uc-1f6e564fbda7e-inner\"><div class=\"n2-ss-layer n2-ow n-uc-1a4213946b468\" data-pm=\"normal\" data-sstype=\"layer\"><div id=\"n2-ss-2item4\" class=\"  n2-ss-item-content n2-ss-text n2-ow\" style=\"display:block;\"><a class=\"n2-ow n2-font-f981dd629c7e262d25bcdcfb2b42b6fa-hover n2-style-f8293b450b12ef15d5c4ff97a617a3e3-heading \" style=\"display:block;\" href=\"mailto:&#x6d;&#x6f;&#x6e;&#x74;&#x61;&#x67;&#x65;&#x74;&#x69;&#x73;&#x63;&#x68;&#x6c;&#x65;&#x72;&#x40;&#x61;&#x6f;&#x6e;&#x2e;&#x61;&#x74;\">E-MAIL<\/a><\/div><\/div><\/div><\/div><\/div><\/div><\/div><\/div><\/div><div class=\"n2-ss-layer n2-ow n-uc-T3CfUQz4Xpbx\" data-pm=\"default\" data-animv2=\"{&quot;basic&quot;:{&quot;in&quot;:{&quot;type&quot;:&quot;basic&quot;,&quot;name&quot;:&quot;Left fade&quot;,&quot;keyFrames&quot;:[{&quot;delay&quot;:0.2,&quot;opacity&quot;:0,&quot;x&quot;:400}]}}}\" data-sstype=\"col\"><div class=\"n2-ss-layer-col n2-ss-layer-with-background n2-ss-layer-content n-uc-T3CfUQz4Xpbx-inner\"><div class=\"n2-ss-layer n2-ow n-uc-GZVd8lMPHIuP\" data-pm=\"normal\" data-sstype=\"layer\"><div class=\" n2-ss-item-image-content n2-ss-item-content n2-ow-all\"><picture class=\"skip-lazy\" data-skip-lazy=\"1\"><img loading=\"lazy\" decoding=\"async\" id=\"n2-ss-2item5\" alt=\"Montagetischler St\u00f6llinger Andreas aus Salzburg\" class=\"skip-lazy\" width=\"1000\" height=\"500\" data-skip-lazy=\"1\" src=\"\/\/kd1710015-002-rur-onl.kds1.rundrweb.com\/wp\/wp-content\/uploads\/Montagetischler-Stoellinger-Andreas-aus-Salzburg1.jpg\" \/><\/picture><\/div><\/div><\/div><\/div><\/div><\/div><\/div><\/div><\/div><\/div><\/div><\/div>                    <\/div>\n\n                                    <\/div>\n            <\/div>\n        <\/div>\n        <\/div><ss3-loader><\/ss3-loader><\/div><\/div><div class=\"n2_clear\"><\/div><\/div><\/ss3-force-full-width><\/div>\n\n<\/p>","protected":false},"excerpt":{"rendered":"","protected":false},"author":4,"featured_media":0,"parent":9,"menu_order":6,"comment_status":"closed","ping_status":"closed","template":"","meta":{"footnotes":""},"_links":{"self":[{"href":"https:\/\/kd1710015-002-rur-onl.kds1.rundrweb.com\/wp\/wp-json\/wp\/v2\/pages\/46"}],"collection":[{"href":"https:\/\/kd1710015-002-rur-onl.kds1.rundrweb.com\/wp\/wp-json\/wp\/v2\/pages"}],"about":[{"href":"https:\/\/kd1710015-002-rur-onl.kds1.rundrweb.com\/wp\/wp-json\/wp\/v2\/types\/page"}],"author":[{"embeddable":true,"href":"https:\/\/kd1710015-002-rur-onl.kds1.rundrweb.com\/wp\/wp-json\/wp\/v2\/users\/4"}],"replies":[{"embeddable":true,"href":"https:\/\/kd1710015-002-rur-onl.kds1.rundrweb.com\/wp\/wp-json\/wp\/v2\/comments?post=46"}],"version-history":[{"count":3,"href":"https:\/\/kd1710015-002-rur-onl.kds1.rundrweb.com\/wp\/wp-json\/wp\/v2\/pages\/46\/revisions"}],"predecessor-version":[{"id":51,"href":"https:\/\/kd1710015-002-rur-onl.kds1.rundrweb.com\/wp\/wp-json\/wp\/v2\/pages\/46\/revisions\/51"}],"up":[{"embeddable":true,"href":"https:\/\/kd1710015-002-rur-onl.kds1.rundrweb.com\/wp\/wp-json\/wp\/v2\/pages\/9"}],"wp:attachment":[{"href":"https:\/\/kd1710015-002-rur-onl.kds1.rundrweb.com\/wp\/wp-json\/wp\/v2\/media?parent=46"}],"curies":[{"name":"wp","href":"https:\/\/api.w.org\/{rel}","templated":true}]}}